{"id":1844,"date":"2025-05-14T07:43:03","date_gmt":"2025-05-14T05:43:03","guid":{"rendered":"https:\/\/www.vybersiauto.sk\/dovoz-aut\/"},"modified":"2026-03-04T16:19:06","modified_gmt":"2026-03-04T15:19:06","slug":"dovoz-aut-z-nemecka","status":"publish","type":"page","link":"https:\/\/www.vybersiauto.sk\/en\/dovoz-aut-z-nemecka\/","title":{"rendered":"Dovoz \u00e1ut z Nemecka"},"content":{"rendered":"","protected":false},"excerpt":{"rendered":"","protected":false},"author":1,"featured_media":0,"parent":0,"menu_order":0,"comment_status":"closed","ping_status":"closed","template":"template-pages\/import.php","meta":{"_acf_changed":false,"inline_featured_image":false,"footnotes":""},"class_list":["post-1844","page","type-page","status-publish","hentry"],"acf":[],"yoast_head":"<!-- This site is optimized with the Yoast SEO plugin v26.1 - https:\/\/yoast.com\/wordpress\/plugins\/seo\/ -->\n<title>Dovoz \u00e1ut z Nemecka na k\u013e\u00fa\u010d \u2013 1 mil. vozidiel | VyberSiAuto<\/title>\n<meta name=\"description\" content=\"Dovoz \u00e1ut z Nemecka na k\u013e\u00fa\u010d \u2013 preverenie VIN, kontrola na mieste, poisten\u00e1 doprava a prihl\u00e1senie. 17+ rokov sk\u00fasenost\u00ed a jasn\u00e9 podmienky bez skryt\u00fdch poplatkov.\" \/>\n<meta name=\"robots\" content=\"index, follow, max-snippet:-1, max-image-preview:large, max-video-preview:-1\" \/>\n<link rel=\"canonical\" href=\"https:\/\/www.vybersiauto.sk\/en\/dovoz-aut-z-nemecka\/\" \/>\n<meta property=\"og:locale\" content=\"en_US\" \/>\n<meta property=\"og:type\" content=\"article\" \/>\n<meta property=\"og:title\" content=\"Dovoz \u00e1ut na k\u013e\u00fa\u010d | Vyber si auto online\" \/>\n<meta property=\"og:description\" content=\"Dovoz \u00e1ut s bezkonkuren\u010dn\u00fdm servisom za skvel\u00fa cenu. Vy si auto vyberiete, my ho prever\u00edme, poist\u00edme, prihl\u00e1sime a dovezieme pred va\u0161e dvere.\" \/>\n<meta property=\"og:url\" content=\"https:\/\/www.vybersiauto.sk\/en\/dovoz-aut-z-nemecka\/\" \/>\n<meta property=\"og:site_name\" content=\"VyberSiAuto\" \/>\n<meta property=\"article:modified_time\" content=\"2026-03-04T15:19:06+00:00\" \/>\n<meta property=\"og:image\" content=\"https:\/\/www.vybersiauto.sk\/wp-content\/uploads\/2025\/06\/header-import-mobile.jpg\" \/>\n\t<meta property=\"og:image:width\" content=\"750\" \/>\n\t<meta property=\"og:image:height\" content=\"796\" \/>\n\t<meta property=\"og:image:type\" content=\"image\/jpeg\" \/>\n<meta name=\"twitter:card\" content=\"summary_large_image\" \/>\n<meta name=\"twitter:title\" content=\"Dovoz \u00e1ut na k\u013e\u00fa\u010d | Vyber si auto online\" \/>\n<meta name=\"twitter:description\" content=\"Dovoz \u00e1ut s bezkonkuren\u010dn\u00fdm servisom za skvel\u00fa cenu. Vy si auto vyberiete, my ho prever\u00edme, poist\u00edme, prihl\u00e1sime a dovezieme pred va\u0161e dvere.\" \/>\n<meta name=\"twitter:image\" content=\"https:\/\/www.vybersiauto.sk\/wp-content\/uploads\/2025\/06\/header-import-mobile.jpg\" \/>\n<script type=\"application\/ld+json\" class=\"yoast-schema-graph\">{\"@context\":\"https:\/\/schema.org\",\"@graph\":[{\"@type\":\"WebPage\",\"@id\":\"https:\/\/www.vybersiauto.sk\/en\/dovoz-aut-z-nemecka\/\",\"url\":\"https:\/\/www.vybersiauto.sk\/en\/dovoz-aut-z-nemecka\/\",\"name\":\"Dovoz \u00e1ut z Nemecka na k\u013e\u00fa\u010d \u2013 1 mil. vozidiel | VyberSiAuto\",\"isPartOf\":{\"@id\":\"https:\/\/www.vybersiauto.sk\/#website\"},\"datePublished\":\"2025-05-14T05:43:03+00:00\",\"dateModified\":\"2026-03-04T15:19:06+00:00\",\"description\":\"Dovoz \u00e1ut z Nemecka na k\u013e\u00fa\u010d \u2013 preverenie VIN, kontrola na mieste, poisten\u00e1 doprava a prihl\u00e1senie. 17+ rokov sk\u00fasenost\u00ed a jasn\u00e9 podmienky bez skryt\u00fdch poplatkov.\",\"breadcrumb\":{\"@id\":\"https:\/\/www.vybersiauto.sk\/en\/dovoz-aut-z-nemecka\/#breadcrumb\"},\"inLanguage\":\"en-US\",\"potentialAction\":[{\"@type\":\"ReadAction\",\"target\":[\"https:\/\/www.vybersiauto.sk\/en\/dovoz-aut-z-nemecka\/\"]}]},{\"@type\":\"BreadcrumbList\",\"@id\":\"https:\/\/www.vybersiauto.sk\/en\/dovoz-aut-z-nemecka\/#breadcrumb\",\"itemListElement\":[{\"@type\":\"ListItem\",\"position\":1,\"name\":\"Domovsk\u00e1 str\u00e1nka\",\"item\":\"https:\/\/www.vybersiauto.sk\/\"},{\"@type\":\"ListItem\",\"position\":2,\"name\":\"Dovoz \u00e1ut z Nemecka\"}]},{\"@type\":\"WebSite\",\"@id\":\"https:\/\/www.vybersiauto.sk\/#website\",\"url\":\"https:\/\/www.vybersiauto.sk\/\",\"name\":\"VyberSiAuto\",\"description\":\"\",\"potentialAction\":[{\"@type\":\"SearchAction\",\"target\":{\"@type\":\"EntryPoint\",\"urlTemplate\":\"https:\/\/www.vybersiauto.sk\/?s={search_term_string}\"},\"query-input\":{\"@type\":\"PropertyValueSpecification\",\"valueRequired\":true,\"valueName\":\"search_term_string\"}}],\"inLanguage\":\"en-US\"}]}<\/script>\n<!-- \/ Yoast SEO plugin. -->","yoast_head_json":{"title":"Dovoz \u00e1ut z Nemecka na k\u013e\u00fa\u010d \u2013 1 mil. vozidiel | VyberSiAuto","description":"Dovoz \u00e1ut z Nemecka na k\u013e\u00fa\u010d \u2013 preverenie VIN, kontrola na mieste, poisten\u00e1 doprava a prihl\u00e1senie. 17+ rokov sk\u00fasenost\u00ed a jasn\u00e9 podmienky bez skryt\u00fdch poplatkov.","robots":{"index":"index","follow":"follow","max-snippet":"max-snippet:-1","max-image-preview":"max-image-preview:large","max-video-preview":"max-video-preview:-1"},"canonical":"https:\/\/www.vybersiauto.sk\/en\/dovoz-aut-z-nemecka\/","og_locale":"en_US","og_type":"article","og_title":"Dovoz \u00e1ut na k\u013e\u00fa\u010d | Vyber si auto online","og_description":"Dovoz \u00e1ut s bezkonkuren\u010dn\u00fdm servisom za skvel\u00fa cenu. Vy si auto vyberiete, my ho prever\u00edme, poist\u00edme, prihl\u00e1sime a dovezieme pred va\u0161e dvere.","og_url":"https:\/\/www.vybersiauto.sk\/en\/dovoz-aut-z-nemecka\/","og_site_name":"VyberSiAuto","article_modified_time":"2026-03-04T15:19:06+00:00","og_image":[{"width":750,"height":796,"url":"https:\/\/www.vybersiauto.sk\/wp-content\/uploads\/2025\/06\/header-import-mobile.jpg","type":"image\/jpeg"}],"twitter_card":"summary_large_image","twitter_title":"Dovoz \u00e1ut na k\u013e\u00fa\u010d | Vyber si auto online","twitter_description":"Dovoz \u00e1ut s bezkonkuren\u010dn\u00fdm servisom za skvel\u00fa cenu. Vy si auto vyberiete, my ho prever\u00edme, poist\u00edme, prihl\u00e1sime a dovezieme pred va\u0161e dvere.","twitter_image":"https:\/\/www.vybersiauto.sk\/wp-content\/uploads\/2025\/06\/header-import-mobile.jpg","schema":{"@context":"https:\/\/schema.org","@graph":[{"@type":"WebPage","@id":"https:\/\/www.vybersiauto.sk\/en\/dovoz-aut-z-nemecka\/","url":"https:\/\/www.vybersiauto.sk\/en\/dovoz-aut-z-nemecka\/","name":"Dovoz \u00e1ut z Nemecka na k\u013e\u00fa\u010d \u2013 1 mil. vozidiel | VyberSiAuto","isPartOf":{"@id":"https:\/\/www.vybersiauto.sk\/#website"},"datePublished":"2025-05-14T05:43:03+00:00","dateModified":"2026-03-04T15:19:06+00:00","description":"Dovoz \u00e1ut z Nemecka na k\u013e\u00fa\u010d \u2013 preverenie VIN, kontrola na mieste, poisten\u00e1 doprava a prihl\u00e1senie. 17+ rokov sk\u00fasenost\u00ed a jasn\u00e9 podmienky bez skryt\u00fdch poplatkov.","breadcrumb":{"@id":"https:\/\/www.vybersiauto.sk\/en\/dovoz-aut-z-nemecka\/#breadcrumb"},"inLanguage":"en-US","potentialAction":[{"@type":"ReadAction","target":["https:\/\/www.vybersiauto.sk\/en\/dovoz-aut-z-nemecka\/"]}]},{"@type":"BreadcrumbList","@id":"https:\/\/www.vybersiauto.sk\/en\/dovoz-aut-z-nemecka\/#breadcrumb","itemListElement":[{"@type":"ListItem","position":1,"name":"Domovsk\u00e1 str\u00e1nka","item":"https:\/\/www.vybersiauto.sk\/"},{"@type":"ListItem","position":2,"name":"Dovoz \u00e1ut z Nemecka"}]},{"@type":"WebSite","@id":"https:\/\/www.vybersiauto.sk\/#website","url":"https:\/\/www.vybersiauto.sk\/","name":"VyberSiAuto","description":"","potentialAction":[{"@type":"SearchAction","target":{"@type":"EntryPoint","urlTemplate":"https:\/\/www.vybersiauto.sk\/?s={search_term_string}"},"query-input":{"@type":"PropertyValueSpecification","valueRequired":true,"valueName":"search_term_string"}}],"inLanguage":"en-US"}]}},"_links":{"self":[{"href":"https:\/\/www.vybersiauto.sk\/en\/wp-json\/wp\/v2\/pages\/1844","targetHints":{"allow":["GET"]}}],"collection":[{"href":"https:\/\/www.vybersiauto.sk\/en\/wp-json\/wp\/v2\/pages"}],"about":[{"href":"https:\/\/www.vybersiauto.sk\/en\/wp-json\/wp\/v2\/types\/page"}],"author":[{"embeddable":true,"href":"https:\/\/www.vybersiauto.sk\/en\/wp-json\/wp\/v2\/users\/1"}],"replies":[{"embeddable":true,"href":"https:\/\/www.vybersiauto.sk\/en\/wp-json\/wp\/v2\/comments?post=1844"}],"version-history":[{"count":48,"href":"https:\/\/www.vybersiauto.sk\/en\/wp-json\/wp\/v2\/pages\/1844\/revisions"}],"predecessor-version":[{"id":2828,"href":"https:\/\/www.vybersiauto.sk\/en\/wp-json\/wp\/v2\/pages\/1844\/revisions\/2828"}],"wp:attachment":[{"href":"https:\/\/www.vybersiauto.sk\/en\/wp-json\/wp\/v2\/media?parent=1844"}],"curies":[{"name":"wp","href":"https:\/\/api.w.org\/{rel}","templated":true}]}}